{"id":2368,"date":"2025-08-14T12:26:24","date_gmt":"2025-08-14T12:26:24","guid":{"rendered":"https:\/\/7sense.ee\/?page_id=2368"},"modified":"2025-08-14T12:41:49","modified_gmt":"2025-08-14T12:41:49","slug":"report-a-problem","status":"publish","type":"page","link":"https:\/\/7sense.ee\/de\/report-a-problem\/","title":{"rendered":"Report a problem"},"content":{"rendered":"\t\t<div data-elementor-type=\"wp-page\" data-elementor-id=\"2368\" class=\"elementor elementor-2368\" data-elementor-post-type=\"page\">\n\t\t\t\t<div class=\"elementor-element elementor-element-5ed1f45c e-con-full e-flex e-con e-parent\" data-id=\"5ed1f45c\" data-element_type=\"container\" data-e-type=\"container\" data-settings=\"{&quot;background_background&quot;:&quot;gradient&quot;}\">\n\t\t<div class=\"elementor-element elementor-element-3aab4936 e-con-full e-flex e-con e-child\" data-id=\"3aab4936\" data-element_type=\"container\" data-e-type=\"container\">\n\t\t\t\t<div class=\"elementor-element elementor-element-37b7b319 elementor-widget elementor-widget-heading\" data-id=\"37b7b319\" data-element_type=\"widget\" data-e-type=\"widget\" data-widget_type=\"heading.default\">\n\t\t\t\t<div class=\"elementor-widget-container\">\n\t\t\t\t\t<h2 class=\"elementor-heading-title elementor-size-default\">Report a problem<\/h2>\t\t\t\t<\/div>\n\t\t\t\t<\/div>\n\t\t\t\t<div class=\"elementor-element elementor-element-1216114e elementor-widget elementor-widget-text-editor\" data-id=\"1216114e\" data-element_type=\"widget\" data-e-type=\"widget\" data-widget_type=\"text-editor.default\">\n\t\t\t\t<div class=\"elementor-widget-container\">\n\t\t\t\t\t\t\t\t\t<p>If you have any issues with a device, please fill in the form below and our technical team will reach out to you within 2 workdays.<\/p>\t\t\t\t\t\t\t\t<\/div>\n\t\t\t\t<\/div>\n\t\t\t\t<\/div>\n\t\t<div class=\"elementor-element elementor-element-4b7fe15c e-con-full e-flex e-con e-child\" data-id=\"4b7fe15c\" data-element_type=\"container\" data-e-type=\"container\">\n\t\t\t\t<\/div>\n\t\t\t\t<\/div>\n\t\t<div class=\"elementor-element elementor-element-6407e74c e-flex e-con-boxed e-con e-parent\" data-id=\"6407e74c\" data-element_type=\"container\" data-e-type=\"container\">\n\t\t\t\t\t<div class=\"e-con-inner\">\n\t\t\t\t<div class=\"elementor-element elementor-element-9ff1bda elementor-button-align-stretch elementor-widget elementor-widget-form\" data-id=\"9ff1bda\" data-element_type=\"widget\" data-e-type=\"widget\" data-settings=\"{&quot;step_next_label&quot;:&quot;Next&quot;,&quot;step_previous_label&quot;:&quot;Previous question&quot;,&quot;step_type&quot;:&quot;number&quot;,&quot;button_width&quot;:&quot;100&quot;,&quot;step_icon_shape&quot;:&quot;circle&quot;}\" data-widget_type=\"form.default\">\n\t\t\t\t<div class=\"elementor-widget-container\">\n\t\t\t\t\t\t\t<form class=\"elementor-form\" method=\"post\" name=\"Report a problem\" aria-label=\"Report a problem\">\n\t\t\t<input type=\"hidden\" name=\"post_id\" value=\"2368\"\/>\n\t\t\t<input type=\"hidden\" name=\"form_id\" value=\"9ff1bda\"\/>\n\t\t\t<input type=\"hidden\" name=\"referer_title\" value=\"Report a problem - 7Sense\" \/>\n\n\t\t\t\t\t\t\t<input type=\"hidden\" name=\"queried_id\" value=\"2368\"\/>\n\t\t\t\n\t\t\t<div class=\"elementor-form-fields-wrapper elementor-labels-above\">\n\t\t\t\t\t\t\t\t<div class=\"elementor-field-type-step elementor-field-group elementor-column elementor-field-group-field_87d6f1d elementor-col-100\">\n\t\t\t\t\t\t\t<div class=\"e-field-step elementor-hidden\" data-label=\"\" data-previousButton=\"\" data-nextButton=\"\" data-iconUrl=\"\" data-iconLibrary=\"fas fa-star\" data-icon=\"\" ><\/div>\n\n\t\t\t\t\t\t<\/div>\n\t\t\t\t\t\t\t\t<div class=\"elementor-field-type-radio elementor-field-group elementor-column elementor-field-group-message elementor-col-100 elementor-field-required\">\n\t\t\t\t\t\t\t\t\t\t\t\t<label for=\"form-field-message\" class=\"elementor-field-label\">\n\t\t\t\t\t\t\t\t<h2>Select a topic you are experiencing issue with<\/h2>\t\t\t\t\t\t\t<\/label>\n\t\t\t\t\t\t<div class=\"elementor-field-subgroup  \"><span class=\"elementor-field-option\"><input type=\"radio\" value=\"Mobile application\" id=\"form-field-message-0\" name=\"form_fields[message]\" required=\"required\"> <label for=\"form-field-message-0\">Mobile application<\/label><\/span><span class=\"elementor-field-option\"><input type=\"radio\" value=\"Battery and Charging\" id=\"form-field-message-1\" name=\"form_fields[message]\" required=\"required\"> <label for=\"form-field-message-1\">Battery and Charging<\/label><\/span><span class=\"elementor-field-option\"><input type=\"radio\" value=\"Physical headset damage\" id=\"form-field-message-2\" name=\"form_fields[message]\" required=\"required\"> <label for=\"form-field-message-2\">Physical headset damage<\/label><\/span><span class=\"elementor-field-option\"><input type=\"radio\" value=\"Haptic feedback problems\" id=\"form-field-message-3\" name=\"form_fields[message]\" required=\"required\"> <label for=\"form-field-message-3\">Haptic feedback problems<\/label><\/span><span class=\"elementor-field-option\"><input type=\"radio\" value=\"Other problem\" id=\"form-field-message-4\" name=\"form_fields[message]\" required=\"required\"> <label for=\"form-field-message-4\">Other problem<\/label><\/span><\/div>\t\t\t\t<\/div>\n\t\t\t\t\t\t\t\t<div class=\"elementor-field-type-step elementor-field-group elementor-column elementor-field-group-field_acc70ae elementor-col-100\">\n\t\t\t\t\t\t\t<div class=\"e-field-step elementor-hidden\" data-label=\"\" data-previousButton=\"\" data-nextButton=\"\" data-iconUrl=\"\" data-iconLibrary=\"fas fa-star\" data-icon=\"\" ><\/div>\n\n\t\t\t\t\t\t<\/div>\n\t\t\t\t\t\t\t\t<div class=\"elementor-field-type-textarea elementor-field-group elementor-column elementor-field-group-field_81bc8e4 elementor-col-100 elementor-field-required\">\n\t\t\t\t\t\t\t\t\t\t\t\t<label for=\"form-field-field_81bc8e4\" class=\"elementor-field-label\">\n\t\t\t\t\t\t\t\t<h2>Describe the problem<\/h2><\/br><span>Providing more information about your situation to help us assist you better<\/span>\t\t\t\t\t\t\t<\/label>\n\t\t\t\t\t\t<textarea class=\"elementor-field-textual elementor-field  elementor-size-lg\" name=\"form_fields[field_81bc8e4]\" id=\"form-field-field_81bc8e4\" rows=\"4\" required=\"required\"><\/textarea>\t\t\t\t<\/div>\n\t\t\t\t\t\t\t\t<div class=\"elementor-field-type-step elementor-field-group elementor-column elementor-field-group-field_492474b elementor-col-100\">\n\t\t\t\t\t\t\t<div class=\"e-field-step elementor-hidden\" data-label=\"\" data-previousButton=\"\" data-nextButton=\"\" data-iconUrl=\"\" data-iconLibrary=\"fas fa-star\" data-icon=\"\" ><\/div>\n\n\t\t\t\t\t\t<\/div>\n\t\t\t\t\t\t\t\t<div class=\"elementor-field-type-date elementor-field-group elementor-column elementor-field-group-field_eaae5f7 elementor-col-100 elementor-field-required\">\n\t\t\t\t\t\t\t\t\t\t\t\t<label for=\"form-field-field_eaae5f7\" class=\"elementor-field-label\">\n\t\t\t\t\t\t\t\t<h2>When the issue first occured?<\/h2>\t\t\t\t\t\t\t<\/label>\n\t\t\t\t\t\t\n\t\t<input type=\"date\" name=\"form_fields[field_eaae5f7]\" id=\"form-field-field_eaae5f7\" class=\"elementor-field elementor-size-lg  elementor-field-textual elementor-date-field\" required=\"required\" pattern=\"[0-9]{4}-[0-9]{2}-[0-9]{2}\">\n\t\t\t\t\t\t<\/div>\n\t\t\t\t\t\t\t\t<div class=\"elementor-field-type-step elementor-field-group elementor-column elementor-field-group-field_bf8a3f1 elementor-col-100\">\n\t\t\t\t\t\t\t<div class=\"e-field-step elementor-hidden\" data-label=\"\" data-previousButton=\"\" data-nextButton=\"\" data-iconUrl=\"\" data-iconLibrary=\"fas fa-star\" data-icon=\"\" ><\/div>\n\n\t\t\t\t\t\t<\/div>\n\t\t\t\t\t\t\t\t<div class=\"elementor-field-type-upload elementor-field-group elementor-column elementor-field-group-field_7df294d elementor-col-100\">\n\t\t\t\t\t\t\t\t\t\t\t\t<label for=\"form-field-field_7df294d\" class=\"elementor-field-label\">\n\t\t\t\t\t\t\t\t<h2>Add files and pictures (Optional)<\/h2>\t\t\t\t\t\t\t<\/label>\n\t\t\t\t\t\t\t\t<input type=\"file\" name=\"form_fields[field_7df294d][]\" id=\"form-field-field_7df294d\" class=\"elementor-field elementor-size-lg  elementor-upload-field\" multiple=\"multiple\" data-maxsize=\"20\" data-maxsize-message=\"Diese Datei \u00fcbersteigt die maximale Dateigr\u00f6\u00dfe.\">\n\n\t\t\t\t\t\t<\/div>\n\t\t\t\t\t\t\t\t<div class=\"elementor-field-type-step elementor-field-group elementor-column elementor-field-group-field_1302649 elementor-col-100\">\n\t\t\t\t\t\t\t<div class=\"e-field-step elementor-hidden\" data-label=\"\" data-previousButton=\"\" data-nextButton=\"\" data-iconUrl=\"\" data-iconLibrary=\"fas fa-star\" data-icon=\"\" ><\/div>\n\n\t\t\t\t\t\t<\/div>\n\t\t\t\t\t\t\t\t<div class=\"elementor-field-type-text elementor-field-group elementor-column elementor-field-group-field_552bd5e elementor-col-100 elementor-field-required\">\n\t\t\t\t\t\t\t\t\t\t\t\t<label for=\"form-field-field_552bd5e\" class=\"elementor-field-label\">\n\t\t\t\t\t\t\t\t<h2>Identify your device with serial number<\/h2><\/br><img src='https:\/\/7sense.ee\/wp-content\/uploads\/2025\/08\/sb_serial_nr.png' width=\"600\">\t\t\t\t\t\t\t<\/label>\n\t\t\t\t\t\t\t\t\t\t\t\t\t\t<input size=\"1\" type=\"text\" name=\"form_fields[field_552bd5e]\" id=\"form-field-field_552bd5e\" class=\"elementor-field elementor-size-lg  elementor-field-textual\" placeholder=\"Serial nr: XXXXXXXX\" required=\"required\">\n\t\t\t\t\t\t\t\t\t\t\t<\/div>\n\t\t\t\t\t\t\t\t<div class=\"elementor-field-type-step elementor-field-group elementor-column elementor-field-group-field_03b279e elementor-col-100\">\n\t\t\t\t\t\t\t<div class=\"e-field-step elementor-hidden\" data-label=\"\" data-previousButton=\"\" data-nextButton=\"\" data-iconUrl=\"\" data-iconLibrary=\"fas fa-star\" data-icon=\"\" ><\/div>\n\n\t\t\t\t\t\t<\/div>\n\t\t\t\t\t\t\t\t<div class=\"elementor-field-type-html elementor-field-group elementor-column elementor-field-group-field_70c5b03 elementor-col-100\">\n\t\t\t\t\t<h2>Please provide your contact information<\/h2>\t\t\t\t<\/div>\n\t\t\t\t\t\t\t\t<div class=\"elementor-field-type-text elementor-field-group elementor-column elementor-field-group-field_b5f2d58 elementor-col-100 elementor-field-required\">\n\t\t\t\t\t\t\t\t\t\t\t\t<label for=\"form-field-field_b5f2d58\" class=\"elementor-field-label\">\n\t\t\t\t\t\t\t\tFirst and last name\t\t\t\t\t\t\t<\/label>\n\t\t\t\t\t\t\t\t\t\t\t\t\t\t<input size=\"1\" type=\"text\" name=\"form_fields[field_b5f2d58]\" id=\"form-field-field_b5f2d58\" class=\"elementor-field elementor-size-lg  elementor-field-textual\" required=\"required\">\n\t\t\t\t\t\t\t\t\t\t\t<\/div>\n\t\t\t\t\t\t\t\t<div class=\"elementor-field-type-email elementor-field-group elementor-column elementor-field-group-field_0088e38 elementor-col-100 elementor-field-required\">\n\t\t\t\t\t\t\t\t\t\t\t\t<label for=\"form-field-field_0088e38\" class=\"elementor-field-label\">\n\t\t\t\t\t\t\t\tContact email\t\t\t\t\t\t\t<\/label>\n\t\t\t\t\t\t\t\t\t\t\t\t\t\t<input size=\"1\" type=\"email\" name=\"form_fields[field_0088e38]\" id=\"form-field-field_0088e38\" class=\"elementor-field elementor-size-lg  elementor-field-textual\" required=\"required\">\n\t\t\t\t\t\t\t\t\t\t\t<\/div>\n\t\t\t\t\t\t\t\t<div class=\"elementor-field-type-tel elementor-field-group elementor-column elementor-field-group-field_01ecdf6 elementor-col-100 elementor-field-required\">\n\t\t\t\t\t\t\t\t\t\t\t\t<label for=\"form-field-field_01ecdf6\" class=\"elementor-field-label\">\n\t\t\t\t\t\t\t\tPhone number\t\t\t\t\t\t\t<\/label>\n\t\t\t\t\t\t\t\t<input size=\"1\" type=\"tel\" name=\"form_fields[field_01ecdf6]\" id=\"form-field-field_01ecdf6\" class=\"elementor-field elementor-size-lg  elementor-field-textual\" placeholder=\"Please add your phone number with country code\" required=\"required\" pattern=\"[0-9()#&amp;+*-=.]+\" title=\"Nur Nummern oder Telefon-Zeichen (#, -, *, etc) werden akzeptiert.\">\n\n\t\t\t\t\t\t<\/div>\n\t\t\t\t\t\t\t\t<div class=\"elementor-field-group elementor-column elementor-field-type-submit elementor-col-100 e-form__buttons\">\n\t\t\t\t\t<button class=\"elementor-button elementor-size-lg\" type=\"submit\">\n\t\t\t\t\t\t<span class=\"elementor-button-content-wrapper\">\n\t\t\t\t\t\t\t\t\t\t\t\t\t\t\t\t\t\t\t\t\t\t<span class=\"elementor-button-text\">Send<\/span>\n\t\t\t\t\t\t\t\t\t\t\t\t\t<\/span>\n\t\t\t\t\t<\/button>\n\t\t\t\t<\/div>\n\t\t\t<\/div>\n\t\t<\/form>\n\t\t\t\t\t\t<\/div>\n\t\t\t\t<\/div>\n\t\t\t\t\t<\/div>\n\t\t\t\t<\/div>\n\t\t\t\t<\/div>\n\t\t","protected":false},"excerpt":{"rendered":"<p>Report a problem If you have any issues with a device, please fill in the form below and our technical team will reach out to you within 2 workdays.<\/p>","protected":false},"author":2,"featured_media":0,"parent":0,"menu_order":0,"comment_status":"closed","ping_status":"closed","template":"","meta":{"inline_featured_image":false,"site-sidebar-layout":"no-sidebar","site-content-layout":"page-builder","ast-site-content-layout":"full-width-container","site-content-style":"default","site-sidebar-style":"default","ast-global-header-display":"","ast-banner-title-visibility":"","ast-main-header-display":"","ast-hfb-above-header-display":"","ast-hfb-below-header-display":"","ast-hfb-mobile-header-display":"","site-post-title":"disabled","ast-breadcrumbs-content":"","ast-featured-img":"disabled","footer-sml-layout":"","theme-transparent-header-meta":"","adv-header-id-meta":"","stick-header-meta":"","header-above-stick-meta":"","header-main-stick-meta":"","header-below-stick-meta":"","astra-migrate-meta-layouts":"set","ast-page-background-enabled":"default","ast-page-background-meta":{"desktop":{"background-color":"var(--ast-global-color-4)","background-image":"","background-repeat":"repeat","background-position":"center center","background-size":"auto","background-attachment":"scroll","background-type":"","background-media":"","overlay-type":"","overlay-color":"","overlay-opacity":"","overlay-gradient":""},"tablet":{"background-color":"","background-image":"","background-repeat":"repeat","background-position":"center center","background-size":"auto","background-attachment":"scroll","background-type":"","background-media":"","overlay-type":"","overlay-color":"","overlay-opacity":"","overlay-gradient":""},"mobile":{"background-color":"","background-image":"","background-repeat":"repeat","background-position":"center center","background-size":"auto","background-attachment":"scroll","background-type":"","background-media":"","overlay-type":"","overlay-color":"","overlay-opacity":"","overlay-gradient":""}},"ast-content-background-meta":{"desktop":{"background-color":"var(--ast-global-color-5)","background-image":"","background-repeat":"repeat","background-position":"center center","background-size":"auto","background-attachment":"scroll","background-type":"","background-media":"","overlay-type":"","overlay-color":"","overlay-opacity":"","overlay-gradient":""},"tablet":{"background-color":"var(--ast-global-color-5)","background-image":"","background-repeat":"repeat","background-position":"center center","background-size":"auto","background-attachment":"scroll","background-type":"","background-media":"","overlay-type":"","overlay-color":"","overlay-opacity":"","overlay-gradient":""},"mobile":{"background-color":"var(--ast-global-color-5)","background-image":"","background-repeat":"repeat","background-position":"center center","background-size":"auto","background-attachment":"scroll","background-type":"","background-media":"","overlay-type":"","overlay-color":"","overlay-opacity":"","overlay-gradient":""}},"footnotes":""},"class_list":["post-2368","page","type-page","status-publish","hentry"],"yoast_head":"<!-- This site is optimized with the Yoast SEO plugin v27.1 - https:\/\/yoast.com\/product\/yoast-seo-wordpress\/ -->\n<title>Report a problem - 7Sense<\/title>\n<meta name=\"robots\" content=\"index, follow, max-snippet:-1, max-image-preview:large, max-video-preview:-1\" \/>\n<link rel=\"canonical\" href=\"https:\/\/7sense.ee\/de\/report-a-problem\/\" \/>\n<meta property=\"og:locale\" content=\"de_DE\" \/>\n<meta property=\"og:type\" content=\"article\" \/>\n<meta property=\"og:title\" content=\"Report a problem - 7Sense\" \/>\n<meta property=\"og:description\" content=\"Report a problem If you have any issues with a device, please fill in the form below and our technical team will reach out to you within 2 workdays.\" \/>\n<meta property=\"og:url\" content=\"https:\/\/7sense.ee\/de\/report-a-problem\/\" \/>\n<meta property=\"og:site_name\" content=\"7Sense\" \/>\n<meta property=\"article:publisher\" content=\"https:\/\/www.facebook.com\/7sense.company\" \/>\n<meta property=\"article:modified_time\" content=\"2025-08-14T12:41:49+00:00\" \/>\n<meta name=\"twitter:card\" content=\"summary_large_image\" \/>\n<meta name=\"twitter:label1\" content=\"Gesch\u00e4tzte Lesezeit\" \/>\n\t<meta name=\"twitter:data1\" content=\"1\u00a0Minute\" \/>\n<script type=\"application\/ld+json\" class=\"yoast-schema-graph\">{\"@context\":\"https:\/\/schema.org\",\"@graph\":[{\"@type\":\"WebPage\",\"@id\":\"https:\/\/7sense.ee\/report-a-problem\/\",\"url\":\"https:\/\/7sense.ee\/report-a-problem\/\",\"name\":\"Report a problem - 7Sense\",\"isPartOf\":{\"@id\":\"https:\/\/7sense.ee\/#website\"},\"datePublished\":\"2025-08-14T12:26:24+00:00\",\"dateModified\":\"2025-08-14T12:41:49+00:00\",\"breadcrumb\":{\"@id\":\"https:\/\/7sense.ee\/report-a-problem\/#breadcrumb\"},\"inLanguage\":\"de\",\"potentialAction\":[{\"@type\":\"ReadAction\",\"target\":[\"https:\/\/7sense.ee\/report-a-problem\/\"]}]},{\"@type\":\"BreadcrumbList\",\"@id\":\"https:\/\/7sense.ee\/report-a-problem\/#breadcrumb\",\"itemListElement\":[{\"@type\":\"ListItem\",\"position\":1,\"name\":\"Home\",\"item\":\"https:\/\/7sense.ee\/\"},{\"@type\":\"ListItem\",\"position\":2,\"name\":\"Report a problem\"}]},{\"@type\":\"WebSite\",\"@id\":\"https:\/\/7sense.ee\/#website\",\"url\":\"https:\/\/7sense.ee\/\",\"name\":\"7Sense\",\"description\":\"\",\"publisher\":{\"@id\":\"https:\/\/7sense.ee\/#organization\"},\"potentialAction\":[{\"@type\":\"SearchAction\",\"target\":{\"@type\":\"EntryPoint\",\"urlTemplate\":\"https:\/\/7sense.ee\/?s={search_term_string}\"},\"query-input\":{\"@type\":\"PropertyValueSpecification\",\"valueRequired\":true,\"valueName\":\"search_term_string\"}}],\"inLanguage\":\"de\"},{\"@type\":\"Organization\",\"@id\":\"https:\/\/7sense.ee\/#organization\",\"name\":\"7Sense\",\"url\":\"https:\/\/7sense.ee\/\",\"logo\":{\"@type\":\"ImageObject\",\"inLanguage\":\"de\",\"@id\":\"https:\/\/7sense.ee\/#\/schema\/logo\/image\/\",\"url\":\"https:\/\/7sense.ee\/wp-content\/uploads\/2024\/11\/7s_colored.png\",\"contentUrl\":\"https:\/\/7sense.ee\/wp-content\/uploads\/2024\/11\/7s_colored.png\",\"width\":950,\"height\":612,\"caption\":\"7Sense\"},\"image\":{\"@id\":\"https:\/\/7sense.ee\/#\/schema\/logo\/image\/\"},\"sameAs\":[\"https:\/\/www.facebook.com\/7sense.company\",\"https:\/\/www.instagram.com\/7sense.company\/\",\"https:\/\/www.tiktok.com\/@7sense.company\",\"https:\/\/www.linkedin.com\/company\/seventh-sense-tech\"]}]}<\/script>\n<!-- \/ Yoast SEO plugin. -->","yoast_head_json":{"title":"Report a problem - 7Sense","robots":{"index":"index","follow":"follow","max-snippet":"max-snippet:-1","max-image-preview":"max-image-preview:large","max-video-preview":"max-video-preview:-1"},"canonical":"https:\/\/7sense.ee\/de\/report-a-problem\/","og_locale":"de_DE","og_type":"article","og_title":"Report a problem - 7Sense","og_description":"Report a problem If you have any issues with a device, please fill in the form below and our technical team will reach out to you within 2 workdays.","og_url":"https:\/\/7sense.ee\/de\/report-a-problem\/","og_site_name":"7Sense","article_publisher":"https:\/\/www.facebook.com\/7sense.company","article_modified_time":"2025-08-14T12:41:49+00:00","twitter_card":"summary_large_image","twitter_misc":{"Gesch\u00e4tzte Lesezeit":"1\u00a0Minute"},"schema":{"@context":"https:\/\/schema.org","@graph":[{"@type":"WebPage","@id":"https:\/\/7sense.ee\/report-a-problem\/","url":"https:\/\/7sense.ee\/report-a-problem\/","name":"Report a problem - 7Sense","isPartOf":{"@id":"https:\/\/7sense.ee\/#website"},"datePublished":"2025-08-14T12:26:24+00:00","dateModified":"2025-08-14T12:41:49+00:00","breadcrumb":{"@id":"https:\/\/7sense.ee\/report-a-problem\/#breadcrumb"},"inLanguage":"de","potentialAction":[{"@type":"ReadAction","target":["https:\/\/7sense.ee\/report-a-problem\/"]}]},{"@type":"BreadcrumbList","@id":"https:\/\/7sense.ee\/report-a-problem\/#breadcrumb","itemListElement":[{"@type":"ListItem","position":1,"name":"Home","item":"https:\/\/7sense.ee\/"},{"@type":"ListItem","position":2,"name":"Report a problem"}]},{"@type":"WebSite","@id":"https:\/\/7sense.ee\/#website","url":"https:\/\/7sense.ee\/","name":"7Sense","description":"","publisher":{"@id":"https:\/\/7sense.ee\/#organization"},"potentialAction":[{"@type":"SearchAction","target":{"@type":"EntryPoint","urlTemplate":"https:\/\/7sense.ee\/?s={search_term_string}"},"query-input":{"@type":"PropertyValueSpecification","valueRequired":true,"valueName":"search_term_string"}}],"inLanguage":"de"},{"@type":"Organization","@id":"https:\/\/7sense.ee\/#organization","name":"7Sense","url":"https:\/\/7sense.ee\/","logo":{"@type":"ImageObject","inLanguage":"de","@id":"https:\/\/7sense.ee\/#\/schema\/logo\/image\/","url":"https:\/\/7sense.ee\/wp-content\/uploads\/2024\/11\/7s_colored.png","contentUrl":"https:\/\/7sense.ee\/wp-content\/uploads\/2024\/11\/7s_colored.png","width":950,"height":612,"caption":"7Sense"},"image":{"@id":"https:\/\/7sense.ee\/#\/schema\/logo\/image\/"},"sameAs":["https:\/\/www.facebook.com\/7sense.company","https:\/\/www.instagram.com\/7sense.company\/","https:\/\/www.tiktok.com\/@7sense.company","https:\/\/www.linkedin.com\/company\/seventh-sense-tech"]}]}},"_links":{"self":[{"href":"https:\/\/7sense.ee\/de\/wp-json\/wp\/v2\/pages\/2368","targetHints":{"allow":["GET"]}}],"collection":[{"href":"https:\/\/7sense.ee\/de\/wp-json\/wp\/v2\/pages"}],"about":[{"href":"https:\/\/7sense.ee\/de\/wp-json\/wp\/v2\/types\/page"}],"author":[{"embeddable":true,"href":"https:\/\/7sense.ee\/de\/wp-json\/wp\/v2\/users\/2"}],"replies":[{"embeddable":true,"href":"https:\/\/7sense.ee\/de\/wp-json\/wp\/v2\/comments?post=2368"}],"version-history":[{"count":10,"href":"https:\/\/7sense.ee\/de\/wp-json\/wp\/v2\/pages\/2368\/revisions"}],"predecessor-version":[{"id":2379,"href":"https:\/\/7sense.ee\/de\/wp-json\/wp\/v2\/pages\/2368\/revisions\/2379"}],"wp:attachment":[{"href":"https:\/\/7sense.ee\/de\/wp-json\/wp\/v2\/media?parent=2368"}],"curies":[{"name":"wp","href":"https:\/\/api.w.org\/{rel}","templated":true}]}}